{"id":24,"date":"2024-10-30T09:37:25","date_gmt":"2024-10-30T09:37:25","guid":{"rendered":"https:\/\/uma-upc.com\/?page_id=24"},"modified":"2025-12-12T14:41:44","modified_gmt":"2025-12-12T14:41:44","slug":"proyectos","status":"publish","type":"page","link":"https:\/\/uma-upc.com\/en\/proyectos\/","title":{"rendered":"Projects"},"content":{"rendered":"<div data-elementor-type=\"wp-page\" data-elementor-id=\"24\" class=\"elementor elementor-24\" data-elementor-post-type=\"page\">\n\t\t\t\t<div class=\"elementor-element elementor-element-9a52c53 e-flex e-con-boxed e-con e-parent\" data-id=\"9a52c53\" data-element_type=\"container\" data-settings=\"{&quot;background_background&quot;:&quot;classic&quot;}\">\n\t\t\t\t\t<div class=\"e-con-inner\">\n\t\t\t\t<div class=\"elementor-element elementor-element-c09e738 elementor-hidden-mobile elementor-widget elementor-widget-heading\" data-id=\"c09e738\" data-element_type=\"widget\" data-widget_type=\"heading.default\">\n\t\t\t\t<div class=\"elementor-widget-container\">\n\t\t\t\t\t<h1 class=\"elementor-heading-title elementor-size-default\">OUR PROJECTS<\/h1>\t\t\t\t<\/div>\n\t\t\t\t<\/div>\n\t\t\t\t<div class=\"elementor-element elementor-element-8867842 elementor-hidden-desktop elementor-hidden-tablet elementor-widget elementor-widget-heading\" data-id=\"8867842\" data-element_type=\"widget\" data-widget_type=\"heading.default\">\n\t\t\t\t<div class=\"elementor-widget-container\">\n\t\t\t\t\t<h1 class=\"elementor-heading-title elementor-size-default\">OUR PROJECTS<\/h1>\t\t\t\t<\/div>\n\t\t\t\t<\/div>\n\t\t\t\t\t<\/div>\n\t\t\t\t<\/div>\n\t\t<div class=\"elementor-element elementor-element-b4a09a9 e-flex e-con-boxed e-con e-parent\" data-id=\"b4a09a9\" data-element_type=\"container\" data-settings=\"{&quot;background_background&quot;:&quot;classic&quot;}\">\n\t\t\t\t\t<div class=\"e-con-inner\">\n\t\t<div class=\"elementor-element elementor-element-29d6409 e-con-full e-flex e-con e-child\" data-id=\"29d6409\" data-element_type=\"container\">\n\t\t\t\t<div class=\"elementor-element elementor-element-d4910a9 elementor-widget elementor-widget-image\" data-id=\"d4910a9\" data-element_type=\"widget\" data-widget_type=\"image.default\">\n\t\t\t\t<div class=\"elementor-widget-container\">\n\t\t\t\t\t\t\t\t\t\t\t\t\t\t\t<img fetchpriority=\"high\" decoding=\"async\" width=\"800\" height=\"300\" src=\"https:\/\/uma-upc.com\/wp-content\/uploads\/2024\/11\/img1-proyectos.jpg\" class=\"attachment-large size-large wp-image-1851\" alt=\"\" srcset=\"https:\/\/uma-upc.com\/wp-content\/uploads\/2024\/11\/img1-proyectos.jpg 800w, https:\/\/uma-upc.com\/wp-content\/uploads\/2024\/11\/img1-proyectos-300x113.jpg 300w, https:\/\/uma-upc.com\/wp-content\/uploads\/2024\/11\/img1-proyectos-768x288.jpg 768w\" sizes=\"(max-width: 800px) 100vw, 800px\" \/>\t\t\t\t\t\t\t\t\t\t\t\t\t\t\t<\/div>\n\t\t\t\t<\/div>\n\t\t\t\t<\/div>\n\t\t<div class=\"elementor-element elementor-element-d4fefb3 e-con-full e-flex e-con e-child\" data-id=\"d4fefb3\" data-element_type=\"container\">\n\t\t\t\t<div class=\"elementor-element elementor-element-da0682d elementor-hidden-mobile elementor-invisible elementor-widget elementor-widget-text-editor\" data-id=\"da0682d\" data-element_type=\"widget\" data-settings=\"{&quot;_animation&quot;:&quot;fadeInRight&quot;}\" data-widget_type=\"text-editor.default\">\n\t\t\t\t<div class=\"elementor-widget-container\">\n\t\t\t\t\t\t\t\t\t<p>UMA leads innovative research in the field of precision agriculture, focusing on the use of new technologies and digitalization to transform the agricultural sector. This commitment includes close collaboration with national and international entities, encompassing both public administrations and private companies, to promote sustainable and efficient solutions.<\/p>\t\t\t\t\t\t\t\t<\/div>\n\t\t\t\t<\/div>\n\t\t\t\t<div class=\"elementor-element elementor-element-dd36365 elementor-hidden-desktop elementor-hidden-tablet elementor-invisible elementor-widget elementor-widget-text-editor\" data-id=\"dd36365\" data-element_type=\"widget\" data-settings=\"{&quot;_animation&quot;:&quot;fadeInRight&quot;}\" data-widget_type=\"text-editor.default\">\n\t\t\t\t<div class=\"elementor-widget-container\">\n\t\t\t\t\t\t\t\t\t<p>La UMA lidera investigaciones innovadoras en el<br \/>campo de la agricultura de precisi\u00f3n, centr\u00e1ndose en el uso de nuevas tecnolog\u00edas y la<br \/>digitalizaci\u00f3n para transformar el sector agr\u00edcola. Este compromiso incluye una estrecha<br \/>colaboraci\u00f3n con entidades nacionales e internacionales, abarcando tanto<br \/>administraciones p\u00fablicas como empresas privadas, para impulsar soluciones sostenibles<br \/>y eficientes.<\/p>\t\t\t\t\t\t\t\t<\/div>\n\t\t\t\t<\/div>\n\t\t\t\t<div class=\"elementor-element elementor-element-1da1d30 elementor-view-default elementor-widget elementor-widget-icon\" data-id=\"1da1d30\" data-element_type=\"widget\" data-widget_type=\"icon.default\">\n\t\t\t\t<div class=\"elementor-widget-container\">\n\t\t\t\t\t\t\t<div class=\"elementor-icon-wrapper\">\n\t\t\t<div class=\"elementor-icon\">\n\t\t\t<svg aria-hidden=\"true\" class=\"e-font-icon-svg e-fas-layer-group\" viewbox=\"0 0 512 512\" xmlns=\"http:\/\/www.w3.org\/2000\/svg\"><path d=\"M12.41 148.02l232.94 105.67c6.8 3.09 14.49 3.09 21.29 0l232.94-105.67c16.55-7.51 16.55-32.52 0-40.03L266.65 2.31a25.607 25.607 0 0 0-21.29 0L12.41 107.98c-16.55 7.51-16.55 32.53 0 40.04zm487.18 88.28l-58.09-26.33-161.64 73.27c-7.56 3.43-15.59 5.17-23.86 5.17s-16.29-1.74-23.86-5.17L70.51 209.97l-58.1 26.33c-16.55 7.5-16.55 32.5 0 40l232.94 105.59c6.8 3.08 14.49 3.08 21.29 0L499.59 276.3c16.55-7.5 16.55-32.5 0-40zm0 127.8l-57.87-26.23-161.86 73.37c-7.56 3.43-15.59 5.17-23.86 5.17s-16.29-1.74-23.86-5.17L70.29 337.87 12.41 364.1c-16.55 7.5-16.55 32.5 0 40l232.94 105.59c6.8 3.08 14.49 3.08 21.29 0L499.59 404.1c16.55-7.5 16.55-32.5 0-40z\"><\/path><\/svg>\t\t\t<\/div>\n\t\t<\/div>\n\t\t\t\t\t\t<\/div>\n\t\t\t\t<\/div>\n\t\t\t\t<\/div>\n\t\t\t\t\t<\/div>\n\t\t\t\t<\/div>\n\t\t<div class=\"elementor-element elementor-element-2f16b9b e-flex e-con-boxed e-con e-parent\" data-id=\"2f16b9b\" data-element_type=\"container\" data-settings=\"{&quot;background_background&quot;:&quot;classic&quot;}\">\n\t\t\t\t\t<div class=\"e-con-inner\">\n\t\t<div class=\"elementor-element elementor-element-2df625c e-con-full e-flex e-con e-child\" data-id=\"2df625c\" data-element_type=\"container\">\n\t\t\t\t<div class=\"elementor-element elementor-element-d58ca37 elementor-hidden-mobile elementor-widget elementor-widget-heading\" data-id=\"d58ca37\" data-element_type=\"widget\" data-widget_type=\"heading.default\">\n\t\t\t\t<div class=\"elementor-widget-container\">\n\t\t\t\t\t<h2 class=\"elementor-heading-title elementor-size-default\">NATIONAL<\/h2>\t\t\t\t<\/div>\n\t\t\t\t<\/div>\n\t\t\t\t<div class=\"elementor-element elementor-element-394ae39 elementor-widget elementor-widget-image\" data-id=\"394ae39\" data-element_type=\"widget\" data-widget_type=\"image.default\">\n\t\t\t\t<div class=\"elementor-widget-container\">\n\t\t\t\t\t\t\t\t\t\t\t\t\t\t\t<img decoding=\"async\" width=\"512\" height=\"512\" src=\"https:\/\/uma-upc.com\/wp-content\/uploads\/2025\/11\/icono-espana.png\" class=\"elementor-animation-grow attachment-large size-large wp-image-3277\" alt=\"\" srcset=\"https:\/\/uma-upc.com\/wp-content\/uploads\/2025\/11\/icono-espana.png 512w, https:\/\/uma-upc.com\/wp-content\/uploads\/2025\/11\/icono-espana-300x300.png 300w, https:\/\/uma-upc.com\/wp-content\/uploads\/2025\/11\/icono-espana-150x150.png 150w\" sizes=\"(max-width: 512px) 100vw, 512px\" \/>\t\t\t\t\t\t\t\t\t\t\t\t\t\t\t<\/div>\n\t\t\t\t<\/div>\n\t\t\t\t<div class=\"elementor-element elementor-element-4039662 elementor-align-center elementor-widget elementor-widget-button\" data-id=\"4039662\" data-element_type=\"widget\" data-widget_type=\"button.default\">\n\t\t\t\t<div class=\"elementor-widget-container\">\n\t\t\t\t\t\t\t\t\t<div class=\"elementor-button-wrapper\">\n\t\t\t\t\t<a class=\"elementor-button elementor-button-link elementor-size-sm\" href=\"https:\/\/uma-upc.com\/en\/proyectos-nacionales\/\">\n\t\t\t\t\t\t<span class=\"elementor-button-content-wrapper\">\n\t\t\t\t\t\t<span class=\"elementor-button-icon\">\n\t\t\t\t<svg aria-hidden=\"true\" class=\"e-font-icon-svg e-fas-location-arrow\" viewbox=\"0 0 512 512\" xmlns=\"http:\/\/www.w3.org\/2000\/svg\"><path d=\"M444.52 3.52L28.74 195.42c-47.97 22.39-31.98 92.75 19.19 92.75h175.91v175.91c0 51.17 70.36 67.17 92.75 19.19l191.9-415.78c15.99-38.39-25.59-79.97-63.97-63.97z\"><\/path><\/svg>\t\t\t<\/span>\n\t\t\t\t\t\t\t\t\t<span class=\"elementor-button-text\">Discover them<\/span>\n\t\t\t\t\t<\/span>\n\t\t\t\t\t<\/a>\n\t\t\t\t<\/div>\n\t\t\t\t\t\t\t\t<\/div>\n\t\t\t\t<\/div>\n\t\t\t\t<\/div>\n\t\t<div class=\"elementor-element elementor-element-c1fc8f8 e-con-full e-flex e-con e-child\" data-id=\"c1fc8f8\" data-element_type=\"container\">\n\t\t\t\t<div class=\"elementor-element elementor-element-099094a elementor-hidden-mobile elementor-widget elementor-widget-heading\" data-id=\"099094a\" data-element_type=\"widget\" data-widget_type=\"heading.default\">\n\t\t\t\t<div class=\"elementor-widget-container\">\n\t\t\t\t\t<h2 class=\"elementor-heading-title elementor-size-default\">EUROPEAN<\/h2>\t\t\t\t<\/div>\n\t\t\t\t<\/div>\n\t\t\t\t<div class=\"elementor-element elementor-element-3d58b15 elementor-widget elementor-widget-image\" data-id=\"3d58b15\" data-element_type=\"widget\" data-widget_type=\"image.default\">\n\t\t\t\t<div class=\"elementor-widget-container\">\n\t\t\t\t\t\t\t\t\t\t\t\t\t\t\t<img decoding=\"async\" width=\"512\" height=\"512\" src=\"https:\/\/uma-upc.com\/wp-content\/uploads\/2025\/11\/iconos-europa.png\" class=\"elementor-animation-grow attachment-large size-large wp-image-3275\" alt=\"\" srcset=\"https:\/\/uma-upc.com\/wp-content\/uploads\/2025\/11\/iconos-europa.png 512w, https:\/\/uma-upc.com\/wp-content\/uploads\/2025\/11\/iconos-europa-300x300.png 300w, https:\/\/uma-upc.com\/wp-content\/uploads\/2025\/11\/iconos-europa-150x150.png 150w\" sizes=\"(max-width: 512px) 100vw, 512px\" \/>\t\t\t\t\t\t\t\t\t\t\t\t\t\t\t<\/div>\n\t\t\t\t<\/div>\n\t\t\t\t<div class=\"elementor-element elementor-element-4f7cc3b elementor-align-center elementor-widget elementor-widget-button\" data-id=\"4f7cc3b\" data-element_type=\"widget\" data-widget_type=\"button.default\">\n\t\t\t\t<div class=\"elementor-widget-container\">\n\t\t\t\t\t\t\t\t\t<div class=\"elementor-button-wrapper\">\n\t\t\t\t\t<a class=\"elementor-button elementor-button-link elementor-size-sm\" href=\"https:\/\/uma-upc.com\/en\/proyectos-europeos\/\">\n\t\t\t\t\t\t<span class=\"elementor-button-content-wrapper\">\n\t\t\t\t\t\t<span class=\"elementor-button-icon\">\n\t\t\t\t<svg aria-hidden=\"true\" class=\"e-font-icon-svg e-fas-location-arrow\" viewbox=\"0 0 512 512\" xmlns=\"http:\/\/www.w3.org\/2000\/svg\"><path d=\"M444.52 3.52L28.74 195.42c-47.97 22.39-31.98 92.75 19.19 92.75h175.91v175.91c0 51.17 70.36 67.17 92.75 19.19l191.9-415.78c15.99-38.39-25.59-79.97-63.97-63.97z\"><\/path><\/svg>\t\t\t<\/span>\n\t\t\t\t\t\t\t\t\t<span class=\"elementor-button-text\">Discover them<\/span>\n\t\t\t\t\t<\/span>\n\t\t\t\t\t<\/a>\n\t\t\t\t<\/div>\n\t\t\t\t\t\t\t\t<\/div>\n\t\t\t\t<\/div>\n\t\t\t\t<\/div>\n\t\t<div class=\"elementor-element elementor-element-68ec630 e-con-full e-flex e-con e-child\" data-id=\"68ec630\" data-element_type=\"container\">\n\t\t\t\t<div class=\"elementor-element elementor-element-53f72e7 elementor-hidden-mobile elementor-widget elementor-widget-heading\" data-id=\"53f72e7\" data-element_type=\"widget\" data-widget_type=\"heading.default\">\n\t\t\t\t<div class=\"elementor-widget-container\">\n\t\t\t\t\t<h2 class=\"elementor-heading-title elementor-size-default\">R&amp;D AGREEMENTS\nWITH COMPANIES<\/h2>\t\t\t\t<\/div>\n\t\t\t\t<\/div>\n\t\t\t\t<div class=\"elementor-element elementor-element-b46d6cf elementor-widget elementor-widget-image\" data-id=\"b46d6cf\" data-element_type=\"widget\" data-widget_type=\"image.default\">\n\t\t\t\t<div class=\"elementor-widget-container\">\n\t\t\t\t\t\t\t\t\t\t\t\t\t\t\t<img loading=\"lazy\" decoding=\"async\" width=\"512\" height=\"512\" src=\"https:\/\/uma-upc.com\/wp-content\/uploads\/2025\/11\/icono-mundo.png\" class=\"elementor-animation-grow attachment-large size-large wp-image-3276\" alt=\"\" srcset=\"https:\/\/uma-upc.com\/wp-content\/uploads\/2025\/11\/icono-mundo.png 512w, https:\/\/uma-upc.com\/wp-content\/uploads\/2025\/11\/icono-mundo-300x300.png 300w, https:\/\/uma-upc.com\/wp-content\/uploads\/2025\/11\/icono-mundo-150x150.png 150w\" sizes=\"(max-width: 512px) 100vw, 512px\" \/>\t\t\t\t\t\t\t\t\t\t\t\t\t\t\t<\/div>\n\t\t\t\t<\/div>\n\t\t\t\t<div class=\"elementor-element elementor-element-cf7feb7 elementor-align-center elementor-widget elementor-widget-button\" data-id=\"cf7feb7\" data-element_type=\"widget\" data-widget_type=\"button.default\">\n\t\t\t\t<div class=\"elementor-widget-container\">\n\t\t\t\t\t\t\t\t\t<div class=\"elementor-button-wrapper\">\n\t\t\t\t\t<a class=\"elementor-button elementor-button-link elementor-size-sm\" href=\"https:\/\/uma-upc.com\/en\/convenios-id-con-empresas\/\">\n\t\t\t\t\t\t<span class=\"elementor-button-content-wrapper\">\n\t\t\t\t\t\t<span class=\"elementor-button-icon\">\n\t\t\t\t<svg aria-hidden=\"true\" class=\"e-font-icon-svg e-fas-location-arrow\" viewbox=\"0 0 512 512\" xmlns=\"http:\/\/www.w3.org\/2000\/svg\"><path d=\"M444.52 3.52L28.74 195.42c-47.97 22.39-31.98 92.75 19.19 92.75h175.91v175.91c0 51.17 70.36 67.17 92.75 19.19l191.9-415.78c15.99-38.39-25.59-79.97-63.97-63.97z\"><\/path><\/svg>\t\t\t<\/span>\n\t\t\t\t\t\t\t\t\t<span class=\"elementor-button-text\">Discover them<\/span>\n\t\t\t\t\t<\/span>\n\t\t\t\t\t<\/a>\n\t\t\t\t<\/div>\n\t\t\t\t\t\t\t\t<\/div>\n\t\t\t\t<\/div>\n\t\t\t\t<\/div>\n\t\t\t\t\t<\/div>\n\t\t\t\t<\/div>\n\t\t<div class=\"elementor-element elementor-element-424a002 e-flex e-con-boxed e-con e-parent\" data-id=\"424a002\" data-element_type=\"container\" data-settings=\"{&quot;background_background&quot;:&quot;classic&quot;}\">\n\t\t\t\t\t<div class=\"e-con-inner\">\n\t\t\t\t<div class=\"elementor-element elementor-element-273224f elementor-widget elementor-widget-text-editor\" data-id=\"273224f\" data-element_type=\"widget\" data-widget_type=\"text-editor.default\">\n\t\t\t\t<div class=\"elementor-widget-container\">\n\t\t\t\t\t\t\t\t\t<p class=\"translation-block\">26 research projects obtained through various public calls. The list includes 5 European projects under the H2020 program (one of them coordinated by the applicant), 3 projects from the European LIFE program, 2 ERASMUS+ projects (one coordinated by the applicant), 1 INTERREG-SUDOE project, 1 Operational Group, 7 research projects from the National Research Plan of the Ministry of Science and Innovation (3 coordinated by the applicant), 5 transfer projects from different national and\/or regional entities, and 2 tenders for the organization of courses published by the European Commission, also obtained by the applicant through a competitive public process.<\/p>\t\t\t\t\t\t\t\t<\/div>\n\t\t\t\t<\/div>\n\t\t\t\t\t<\/div>\n\t\t\t\t<\/div>\n\t\t\t\t<\/div>","protected":false},"excerpt":{"rendered":"<p>NUESTROS PROYECTOS NUESTROS PROYECTOS La UMA lidera investigaciones innovadoras en el campo de la agricultura de precisi\u00f3n, centr\u00e1ndose en el uso de nuevas tecnolog\u00edas y la digitalizaci\u00f3n para transformar el sector agr\u00edcola. Este compromiso incluye una estrecha colaboraci\u00f3n con entidades nacionales e internacionales, abarcando tanto administraciones p\u00fablicas como empresas privadas, para impulsar soluciones sostenibles y [&hellip;]<\/p>","protected":false},"author":1,"featured_media":0,"parent":0,"menu_order":0,"comment_status":"closed","ping_status":"closed","template":"","meta":{"footnotes":""},"class_list":["post-24","page","type-page","status-publish","hentry"],"_links":{"self":[{"href":"https:\/\/uma-upc.com\/en\/wp-json\/wp\/v2\/pages\/24","targetHints":{"allow":["GET"]}}],"collection":[{"href":"https:\/\/uma-upc.com\/en\/wp-json\/wp\/v2\/pages"}],"about":[{"href":"https:\/\/uma-upc.com\/en\/wp-json\/wp\/v2\/types\/page"}],"author":[{"embeddable":true,"href":"https:\/\/uma-upc.com\/en\/wp-json\/wp\/v2\/users\/1"}],"replies":[{"embeddable":true,"href":"https:\/\/uma-upc.com\/en\/wp-json\/wp\/v2\/comments?post=24"}],"version-history":[{"count":379,"href":"https:\/\/uma-upc.com\/en\/wp-json\/wp\/v2\/pages\/24\/revisions"}],"predecessor-version":[{"id":3484,"href":"https:\/\/uma-upc.com\/en\/wp-json\/wp\/v2\/pages\/24\/revisions\/3484"}],"wp:attachment":[{"href":"https:\/\/uma-upc.com\/en\/wp-json\/wp\/v2\/media?parent=24"}],"curies":[{"name":"wp","href":"https:\/\/api.w.org\/{rel}","templated":true}]}}